 {"id":52,"date":"2023-01-26T20:51:59","date_gmt":"2023-01-26T20:51:59","guid":{"rendered":"https:\/\/kapitonasveza.lt\/?page_id=52"},"modified":"2024-03-19T09:48:05","modified_gmt":"2024-03-19T07:48:05","slug":"kontaktai","status":"publish","type":"page","link":"https:\/\/kapitonasveza.lt\/ru\/%d1%81%d0%b2%d1%8f%d0%b7%d0%b0%d1%82%d1%8c%d1%81%d1%8f-%d1%81\/","title":{"rendered":"\u0421\u0432\u044f\u0437\u0430\u0442\u044c\u0441\u044f \u0441"},"content":{"rendered":"<div data-elementor-type=\"wp-page\" data-elementor-id=\"52\" class=\"elementor elementor-52\">\n\t\t\t\t\t\t<section class=\"elementor-section elementor-top-section elementor-element elementor-element-560adbe elementor-section-full_width elementor-section-stretched elementor-section-height-default elementor-section-height-default\" data-id=\"560adbe\" data-element_type=\"section\" data-settings=\"{&quot;stretch_section&quot;:&quot;section-stretched&quot;}\">\n\t\t\t\t\t\t<div class=\"elementor-container elementor-column-gap-no\">\n\t\t\t\t\t<div class=\"elementor-column elementor-col-100 elementor-top-column elementor-element elementor-element-b280ea4\" data-id=\"b280ea4\" data-element_type=\"column\">\n\t\t\t<div class=\"elementor-widget-wrap elementor-element-populated\">\n\t\t\t\t\t\t<section class=\"elementor-section elementor-inner-section elementor-element elementor-element-60d8db4 elementor-section-content-middle elementor-section-boxed elementor-section-height-default elementor-section-height-default\" data-id=\"60d8db4\" data-element_type=\"section\">\n\t\t\t\t\t\t<div class=\"elementor-container elementor-column-gap-no\">\n\t\t\t\t\t<div class=\"elementor-column elementor-col-50 elementor-inner-column elementor-element elementor-element-0b6f5d6\" data-id=\"0b6f5d6\" data-element_type=\"column\">\n\t\t\t<div class=\"elementor-widget-wrap elementor-element-populated\">\n\t\t\t\t\t\t<div class=\"elementor-element elementor-element-09e78b7 elementor-widget elementor-widget-taxsecoimage\" data-id=\"09e78b7\" data-element_type=\"widget\" data-widget_type=\"taxsecoimage.default\">\n\t\t\t\t<div class=\"elementor-widget-container\">\n\t\t\t<!-- Image --><div class=\"custom_css_handelar\"><img decoding=\"async\" class=\"w-100\" src=\"https:\/\/kapitonasveza.lt\/wp-content\/uploads\/2023\/02\/Screenshot_1-1024x680.png\" alt=\"\u0421\u043a\u0440\u0438\u043d\u0448\u043e\u0442_1 1024x680\" ><\/div><!-- End Image -->\t\t<\/div>\n\t\t\t\t<\/div>\n\t\t\t\t\t<\/div>\n\t\t<\/div>\n\t\t\t\t<div class=\"elementor-column elementor-col-50 elementor-inner-column elementor-element elementor-element-564ee53\" data-id=\"564ee53\" data-element_type=\"column\">\n\t\t\t<div class=\"elementor-widget-wrap elementor-element-populated\">\n\t\t\t\t\t\t<div class=\"elementor-element elementor-element-78354ab elementor-widget elementor-widget-heading\" data-id=\"78354ab\" data-element_type=\"widget\" data-widget_type=\"heading.default\">\n\t\t\t\t<div class=\"elementor-widget-container\">\n\t\t\t<style>\/*! elementor - v3.20.0 - 26-03-2024 *\/\n.elementor-heading-title{padding:0;margin:0;line-height:1}.elementor-widget-heading .elementor-heading-title[class*=elementor-size-]>a{color:inherit;font-size:inherit;line-height:inherit}.elementor-widget-heading .elementor-heading-title.elementor-size-small{font-size:15px}.elementor-widget-heading .elementor-heading-title.elementor-size-medium{font-size:19px}.elementor-widget-heading .elementor-heading-title.elementor-size-large{font-size:29px}.elementor-widget-heading .elementor-heading-title.elementor-size-xl{font-size:39px}.elementor-widget-heading .elementor-heading-title.elementor-size-xxl{font-size:59px}<\/style><h2 class=\"elementor-heading-title elementor-size-default\">\u0412\u044b\u0437\u043e\u0432 \u0442\u0430\u043a\u0441\u0438 \u0432 \u041a\u043b\u0430\u0439\u043f\u0435\u0434\u0435:<\/h2>\t\t<\/div>\n\t\t\t\t<\/div>\n\t\t\t\t<div class=\"elementor-element elementor-element-c26b7eb elementor-widget elementor-widget-text-editor\" data-id=\"c26b7eb\" data-element_type=\"widget\" data-widget_type=\"text-editor.default\">\n\t\t\t\t<div class=\"elementor-widget-container\">\n\t\t\t<style>\/*! elementor - v3.20.0 - 26-03-2024 *\/\n.elementor-widget-text-editor.elementor-drop-cap-view-stacked .elementor-drop-cap{background-color:#69727d;color:#fff}.elementor-widget-text-editor.elementor-drop-cap-view-framed .elementor-drop-cap{color:#69727d;border:3px solid;background-color:transparent}.elementor-widget-text-editor:not(.elementor-drop-cap-view-default) .elementor-drop-cap{margin-top:8px}.elementor-widget-text-editor:not(.elementor-drop-cap-view-default) .elementor-drop-cap-letter{width:1em;height:1em}.elementor-widget-text-editor .elementor-drop-cap{float:left;text-align:center;line-height:1;font-size:50px}.elementor-widget-text-editor .elementor-drop-cap-letter{display:inline-block}<\/style>\t\t\t\t<p>\u0417\u0432\u043e\u043d\u0438\u0442\u0435: <a href=\"tel:\/\/+37061339501\">+370 613 39501<\/a><br \/>Viber: <a href=\"https:\/\/msng.link\/o\/?37061339501=vi\">\u0421\u0432\u044f\u0437\u0430\u0442\u044c\u0441\u044f \u0441<\/a><br \/>WhatsApp: <a href=\"https:\/\/msng.link\/o\/?37061339501=wa\">\u0421\u0432\u044f\u0437\u0430\u0442\u044c\u0441\u044f \u0441<\/a><\/p>\t\t\t\t\t\t<\/div>\n\t\t\t\t<\/div>\n\t\t\t\t<div class=\"elementor-element elementor-element-94ea74e elementor-widget elementor-widget-heading\" data-id=\"94ea74e\" data-element_type=\"widget\" data-widget_type=\"heading.default\">\n\t\t\t\t<div class=\"elementor-widget-container\">\n\t\t\t<h2 class=\"elementor-heading-title elementor-size-default\">\u0420\u0435\u043a\u0432\u0438\u0437\u0438\u0442:<\/h2>\t\t<\/div>\n\t\t\t\t<\/div>\n\t\t\t\t<div class=\"elementor-element elementor-element-5d9475d elementor-widget elementor-widget-text-editor\" data-id=\"5d9475d\" data-element_type=\"widget\" data-widget_type=\"text-editor.default\">\n\t\t\t\t<div class=\"elementor-widget-container\">\n\t\t\t\t\t\t\t<p>\u041c\u0411 \"\u041a\u0410\u041f\u0418\u0422\u0410\u041d \u041d\u0415\u0421\u0415\u0422\"<br>\u0420\u0435\u0433\u0438\u0441\u0442\u0440\u0430\u0446\u0438\u043e\u043d\u043d\u044b\u0439 \u043d\u043e\u043c\u0435\u0440 306388630<br>\u0420\u0430\u0441\u0447\u0435\u0442\u043d\u044b\u0439 \u0441\u0447\u0435\u0442<br>LT987044090107535394 AB SEB Bankas<br><\/p>\n<p>\u042d\u043b\u0435\u043a\u0442\u0440\u043e\u043d\u043d\u0430\u044f \u043f\u043e\u0447\u0442\u0430: <a href=\"mailto:info@kapitonasveza.lt\">info@kapitonasveza.lt<\/a><\/p>\t\t\t\t\t\t<\/div>\n\t\t\t\t<\/div>\n\t\t\t\t\t<\/div>\n\t\t<\/div>\n\t\t\t\t\t<\/div>\n\t\t<\/section>\n\t\t\t\t\t<\/div>\n\t\t<\/div>\n\t\t\t\t\t<\/div>\n\t\t<\/section>\n\t\t\t\t<section class=\"elementor-section elementor-top-section elementor-element elementor-element-e80104c elementor-section-full_width elementor-section-stretched elementor-section-height-default elementor-section-height-default\" data-id=\"e80104c\" data-element_type=\"section\" data-settings=\"{&quot;background_background&quot;:&quot;classic&quot;,&quot;stretch_section&quot;:&quot;section-stretched&quot;}\">\n\t\t\t\t\t\t<div class=\"elementor-container elementor-column-gap-no\">\n\t\t\t\t\t<div class=\"elementor-column elementor-col-100 elementor-top-column elementor-element elementor-element-c2f9ac8\" data-id=\"c2f9ac8\" data-element_type=\"column\">\n\t\t\t<div class=\"elementor-widget-wrap elementor-element-populated\">\n\t\t\t\t\t\t<section class=\"elementor-section elementor-inner-section elementor-element elementor-element-7b76ac9 elementor-section-boxed elementor-section-height-default elementor-section-height-default\" data-id=\"7b76ac9\" data-element_type=\"section\">\n\t\t\t\t\t\t<div class=\"elementor-container elementor-column-gap-no\">\n\t\t\t\t\t<div class=\"elementor-column elementor-col-100 elementor-inner-column elementor-element elementor-element-6fa9583\" data-id=\"6fa9583\" data-element_type=\"column\">\n\t\t\t<div class=\"elementor-widget-wrap elementor-element-populated\">\n\t\t\t\t\t\t<div class=\"elementor-element elementor-element-9ede0e2 elementor-widget elementor-widget-heading\" data-id=\"9ede0e2\" data-element_type=\"widget\" data-widget_type=\"heading.default\">\n\t\t\t\t<div class=\"elementor-widget-container\">\n\t\t\t<h2 class=\"elementor-heading-title elementor-size-default\">\u041f\u043e\u0436\u0430\u043b\u0443\u0439\u0441\u0442\u0430, \u0437\u0430\u043f\u043e\u043b\u043d\u0438\u0442\u0435 \u044d\u0442\u0443 \u0444\u043e\u0440\u043c\u0443, \u0438 \u043c\u044b \u0441\u0432\u044f\u0436\u0435\u043c\u0441\u044f \u0441 \u0432\u0430\u043c\u0438<\/h2>\t\t<\/div>\n\t\t\t\t<\/div>\n\t\t\t\t<div class=\"elementor-element elementor-element-c4f78cf elementor-widget elementor-widget-taxsecocontactform\" data-id=\"c4f78cf\" data-element_type=\"widget\" data-widget_type=\"taxsecocontactform.default\">\n\t\t\t\t<div class=\"elementor-widget-container\">\n\t\t\t<!-----------------------Start Contact Form-----------------------><div class=\"booking-form style2\">\n<div class=\"wpcf7 no-js\" id=\"wpcf7-f751-o1\" lang=\"en-US\" dir=\"ltr\" data-wpcf7-id=\"751\">\n<div class=\"screen-reader-response\"><p role=\"status\" aria-live=\"polite\" aria-atomic=\"true\"><\/p> <ul><\/ul><\/div>\n<form action=\"\/ru\/wp-json\/wp\/v2\/pages\/52#wpcf7-f751-o1\" method=\"post\" class=\"wpcf7-form init\" aria-label=\"\u041a\u043e\u043d\u0442\u0430\u043a\u0442\u043d\u0430\u044f \u0444\u043e\u0440\u043c\u0430\" novalidate=\"novalidate\" data-status=\"init\" data-trp-original-action=\"\/ru\/wp-json\/wp\/v2\/pages\/52#wpcf7-f751-o1\">\n<fieldset class=\"hidden-fields-container\"><input type=\"hidden\" name=\"_wpcf7\" value=\"751\" \/><input type=\"hidden\" name=\"_wpcf7_version\" value=\"6.1.5\" \/><input type=\"hidden\" name=\"_wpcf7_locale\" value=\"en_US\" \/><input type=\"hidden\" name=\"_wpcf7_unit_tag\" value=\"wpcf7-f751-o1\" \/><input type=\"hidden\" name=\"_wpcf7_container_post\" value=\"0\" \/><input type=\"hidden\" name=\"_wpcf7_posted_data_hash\" value=\"\" \/><input type=\"hidden\" name=\"_wpcf7_recaptcha_response\" value=\"\" \/>\n<\/fieldset>\n<div class=\"input-wrap\">\n\t<div class=\"row\">\n\t\t<div class=\"form-group col-6\">\n\t\t\t<p><span class=\"wpcf7-form-control-wrap\" data-name=\"text-326\"><input size=\"40\" maxlength=\"400\" class=\"wpcf7-form-control wpcf7-text wpcf7-validates-as-required form-control\" id=\"text-326\" aria-required=\"true\" aria-invalid=\"false\" placeholder=\"\u0412\u0430\u0448\u0435 \u0438\u043c\u044f\" value=\"\" type=\"text\" name=\"text-326\" \/><\/span>\n\t\t\t<\/p>\n\t\t<\/div>\n\t\t<div class=\"form-group col-6\">\n\t\t\t<p><span class=\"wpcf7-form-control-wrap\" data-name=\"phone-79\"><input size=\"40\" maxlength=\"400\" class=\"wpcf7-form-control wpcf7-text wpcf7-validates-as-required form-control\" id=\"phone-79\" aria-required=\"true\" aria-invalid=\"false\" placeholder=\"\u0422\u0435\u043b\u0435\u0444\u043e\u043d \u043d\u0435\u0442.\" value=\"\" type=\"text\" name=\"phone-79\" \/><\/span>\n\t\t\t<\/p>\n\t\t<\/div>\n\t\t<div class=\"form-group col-6\">\n\t\t\t<p><span class=\"wpcf7-form-control-wrap\" data-name=\"email-79\"><input size=\"40\" maxlength=\"400\" class=\"wpcf7-form-control wpcf7-email wpcf7-validates-as-required wpcf7-text wpcf7-validates-as-email form-control\" id=\"email-79\" aria-required=\"true\" aria-invalid=\"false\" placeholder=\"\u042d\u043b\u0435\u043a\u0442\u0440\u043e\u043d\u043d\u0430\u044f \u043f\u043e\u0447\u0442\u0430\" value=\"\" type=\"email\" name=\"email-79\" \/><\/span>\n\t\t\t<\/p>\n\t\t<\/div>\n\t\t<div class=\"form-group col-12\">\n\t\t\t<p><span class=\"wpcf7-form-control-wrap\" data-name=\"text-600\"><textarea cols=\"40\" rows=\"10\" maxlength=\"2000\" class=\"wpcf7-form-control wpcf7-textarea wpcf7-validates-as-required form-control\" id=\"text-600\" aria-required=\"true\" aria-invalid=\"false\" placeholder=\"\u0421\u043e\u043e\u0431\u0449\u0435\u043d\u0438\u0435 \u0434\u043b\u044f\" name=\"text-600\"><\/textarea><\/span>\n\t\t\t<\/p>\n\t\t<\/div>\n\t\t<div class=\"form-btn col-12\">\n\t\t\t<p><button class=\"as-btn wpcf7\">\u0421\u0432\u044f\u0437\u0430\u0442\u044c\u0441\u044f \u0441<\/button>\n\t\t\t<\/p>\n\t\t<\/div>\n\t<\/div>\n<\/div><div class=\"wpcf7-response-output\" aria-hidden=\"true\"><\/div>\n<input type=\"hidden\" name=\"trp-form-language\" value=\"ru\"\/><\/form>\n<\/div>\n<\/div><!-----------------------End Contact Form----------------------->\t\t<\/div>\n\t\t\t\t<\/div>\n\t\t\t\t\t<\/div>\n\t\t<\/div>\n\t\t\t\t\t<\/div>\n\t\t<\/section>\n\t\t\t\t\t<\/div>\n\t\t<\/div>\n\t\t\t\t\t<\/div>\n\t\t<\/section>\n\t\t\t\t<\/div>","protected":false},"excerpt":{"rendered":"<p>\u0417\u0432\u043e\u043d\u0438\u0442\u0435 +370 613 39501Viber: \u0421\u0432\u044f\u0436\u0438\u0442\u0435\u0441\u044c \u0441 \u043d\u0430\u043c\u0438WhatsApp: \u0421\u0432\u044f\u0436\u0438\u0442\u0435\u0441\u044c \u0441 \u043d\u0430\u043c\u0438 \u0422\u0440\u0435\u0431\u043e\u0432\u0430\u043d\u0438\u044f: MB \"KAPITONAS VE\u017dA \"\u0420\u0435\u0433\u0438\u0441\u0442\u0440\u0430\u0446\u0438\u043e\u043d\u043d\u044b\u0439 \u043d\u043e\u043c\u0435\u0440 306388630\u0420\u0430\u0441\u0447\u0435\u0442\u043d\u044b\u0439 \u0441\u0447\u0435\u0442LT987044090107535394 AB SEB Bankas E-mail: info@kapitonasveza.lt \u0417\u0430\u043f\u043e\u043b\u043d\u0438\u0442\u0435 \u044d\u0442\u0443 \u0444\u043e\u0440\u043c\u0443 \u0438 \u043c\u044b \u0441\u0432\u044f\u0436\u0435\u043c\u0441\u044f \u0441 \u0432\u0430\u043c\u0438 \u041e\u0442\u043f\u0440\u0430\u0432\u0438\u0442\u044c \u0432<\/p>","protected":false},"author":1,"featured_media":0,"parent":0,"menu_order":0,"comment_status":"closed","ping_status":"closed","template":"","meta":{"footnotes":""},"class_list":["post-52","page","type-page","status-publish","hentry"],"yoast_head":"<!-- This site is optimized with the Yoast SEO plugin v27.3 - https:\/\/yoast.com\/product\/yoast-seo-wordpress\/ -->\n<title>Kontaktai - Kapitonas ve\u017ea<\/title>\n<meta name=\"robots\" content=\"index, follow, max-snippet:-1, max-image-preview:large, max-video-preview:-1\" \/>\n<link rel=\"canonical\" href=\"https:\/\/kapitonasveza.lt\/ru\/\u0441\u0432\u044f\u0437\u0430\u0442\u044c\u0441\u044f-\u0441\/\" \/>\n<meta property=\"og:locale\" content=\"ru_RU\" \/>\n<meta property=\"og:type\" content=\"article\" \/>\n<meta property=\"og:title\" content=\"Kontaktai - Kapitonas ve\u017ea\" \/>\n<meta property=\"og:description\" content=\"Taksi i\u0161kvietimas Klaip\u0117doje: Skambinkite numeriu: +370 613 39501Viber: SusisiektiWhatsApp: Susisiekti Rekvizitai: MB \u201eKAPITONAS VE\u017dA\u201cRegistracijos numeris 306388630Atsiskaitomoji s\u0105skaitaLT987044090107535394 AB SEB Bankas El. pa\u0161tas: info@kapitonasveza.lt U\u017epildykite \u0161i\u0105 form\u0105 ir mes su Jumis susisieksime Si\u0173sti\" \/>\n<meta property=\"og:url\" content=\"https:\/\/kapitonasveza.lt\/ru\/\u0441\u0432\u044f\u0437\u0430\u0442\u044c\u0441\u044f-\u0441\/\" \/>\n<meta property=\"og:site_name\" content=\"Kapitonas ve\u017ea\" \/>\n<meta property=\"article:publisher\" content=\"https:\/\/www.facebook.com\/profile.php?id=100085173499468\" \/>\n<meta property=\"article:modified_time\" content=\"2024-03-19T07:48:05+00:00\" \/>\n<meta property=\"og:image\" content=\"https:\/\/kapitonasveza.lt\/wp-content\/uploads\/2023\/02\/Screenshot_1-1024x680.png\" \/>\n<meta name=\"twitter:card\" content=\"summary_large_image\" \/>\n<meta name=\"twitter:label1\" content=\"\u041f\u0440\u0438\u043c\u0435\u0440\u043d\u043e\u0435 \u0432\u0440\u0435\u043c\u044f \u0434\u043b\u044f \u0447\u0442\u0435\u043d\u0438\u044f\" \/>\n\t<meta name=\"twitter:data1\" content=\"1 \u043c\u0438\u043d\u0443\u0442\u0430\" \/>\n<script type=\"application\/ld+json\" class=\"yoast-schema-graph\">{\"@context\":\"https:\\\/\\\/schema.org\",\"@graph\":[{\"@type\":\"WebPage\",\"@id\":\"https:\\\/\\\/kapitonasveza.lt\\\/kontaktai\\\/\",\"url\":\"https:\\\/\\\/kapitonasveza.lt\\\/kontaktai\\\/\",\"name\":\"Kontaktai - Kapitonas ve\u017ea\",\"isPartOf\":{\"@id\":\"https:\\\/\\\/kapitonasveza.lt\\\/#website\"},\"primaryImageOfPage\":{\"@id\":\"https:\\\/\\\/kapitonasveza.lt\\\/kontaktai\\\/#primaryimage\"},\"image\":{\"@id\":\"https:\\\/\\\/kapitonasveza.lt\\\/kontaktai\\\/#primaryimage\"},\"thumbnailUrl\":\"https:\\\/\\\/kapitonasveza.lt\\\/wp-content\\\/uploads\\\/2023\\\/02\\\/Screenshot_1-1024x680.png\",\"datePublished\":\"2023-01-26T20:51:59+00:00\",\"dateModified\":\"2024-03-19T07:48:05+00:00\",\"breadcrumb\":{\"@id\":\"https:\\\/\\\/kapitonasveza.lt\\\/kontaktai\\\/#breadcrumb\"},\"inLanguage\":\"ru-RU\",\"potentialAction\":[{\"@type\":\"ReadAction\",\"target\":[\"https:\\\/\\\/kapitonasveza.lt\\\/kontaktai\\\/\"]}]},{\"@type\":\"ImageObject\",\"inLanguage\":\"ru-RU\",\"@id\":\"https:\\\/\\\/kapitonasveza.lt\\\/kontaktai\\\/#primaryimage\",\"url\":\"https:\\\/\\\/kapitonasveza.lt\\\/wp-content\\\/uploads\\\/2023\\\/02\\\/Screenshot_1-1024x680.png\",\"contentUrl\":\"https:\\\/\\\/kapitonasveza.lt\\\/wp-content\\\/uploads\\\/2023\\\/02\\\/Screenshot_1-1024x680.png\"},{\"@type\":\"BreadcrumbList\",\"@id\":\"https:\\\/\\\/kapitonasveza.lt\\\/kontaktai\\\/#breadcrumb\",\"itemListElement\":[{\"@type\":\"ListItem\",\"position\":1,\"name\":\"Home\",\"item\":\"https:\\\/\\\/kapitonasveza.lt\\\/\"},{\"@type\":\"ListItem\",\"position\":2,\"name\":\"Kontaktai\"}]},{\"@type\":\"WebSite\",\"@id\":\"https:\\\/\\\/kapitonasveza.lt\\\/#website\",\"url\":\"https:\\\/\\\/kapitonasveza.lt\\\/\",\"name\":\"Kapitonas ve\u017ea\",\"description\":\"Taksi paslaugos Klaip\u0117doje ir Klaip\u0117dos rajone\",\"publisher\":{\"@id\":\"https:\\\/\\\/kapitonasveza.lt\\\/#\\\/schema\\\/person\\\/1aa63cda89a0d7b8c863497cabcd92fb\"},\"potentialAction\":[{\"@type\":\"SearchAction\",\"target\":{\"@type\":\"EntryPoint\",\"urlTemplate\":\"https:\\\/\\\/kapitonasveza.lt\\\/?s={search_term_string}\"},\"query-input\":{\"@type\":\"PropertyValueSpecification\",\"valueRequired\":true,\"valueName\":\"search_term_string\"}}],\"inLanguage\":\"ru-RU\"},{\"@type\":[\"Person\",\"Organization\"],\"@id\":\"https:\\\/\\\/kapitonasveza.lt\\\/#\\\/schema\\\/person\\\/1aa63cda89a0d7b8c863497cabcd92fb\",\"name\":\"jonas\",\"image\":{\"@type\":\"ImageObject\",\"inLanguage\":\"ru-RU\",\"@id\":\"https:\\\/\\\/secure.gravatar.com\\\/avatar\\\/be510c7f37b9f142e966eb1dd16caafc846bce3b96e94b53b52222c3f07f74d6?s=96&d=mm&r=g\",\"url\":\"https:\\\/\\\/secure.gravatar.com\\\/avatar\\\/be510c7f37b9f142e966eb1dd16caafc846bce3b96e94b53b52222c3f07f74d6?s=96&d=mm&r=g\",\"contentUrl\":\"https:\\\/\\\/secure.gravatar.com\\\/avatar\\\/be510c7f37b9f142e966eb1dd16caafc846bce3b96e94b53b52222c3f07f74d6?s=96&d=mm&r=g\",\"caption\":\"jonas\"},\"logo\":{\"@id\":\"https:\\\/\\\/secure.gravatar.com\\\/avatar\\\/be510c7f37b9f142e966eb1dd16caafc846bce3b96e94b53b52222c3f07f74d6?s=96&d=mm&r=g\"},\"sameAs\":[\"https:\\\/\\\/kapitonasveza.lt\",\"https:\\\/\\\/www.facebook.com\\\/profile.php?id=100085173499468\"]}]}<\/script>\n<!-- \/ Yoast SEO plugin. -->","yoast_head_json":{"title":"Kontaktai - Kapitonas ve\u017ea","robots":{"index":"index","follow":"follow","max-snippet":"max-snippet:-1","max-image-preview":"max-image-preview:large","max-video-preview":"max-video-preview:-1"},"canonical":"https:\/\/kapitonasveza.lt\/ru\/\u0441\u0432\u044f\u0437\u0430\u0442\u044c\u0441\u044f-\u0441\/","og_locale":"ru_RU","og_type":"article","og_title":"Kontaktai - Kapitonas ve\u017ea","og_description":"Taksi i\u0161kvietimas Klaip\u0117doje: Skambinkite numeriu: +370 613 39501Viber: SusisiektiWhatsApp: Susisiekti Rekvizitai: MB \u201eKAPITONAS VE\u017dA\u201cRegistracijos numeris 306388630Atsiskaitomoji s\u0105skaitaLT987044090107535394 AB SEB Bankas El. pa\u0161tas: info@kapitonasveza.lt U\u017epildykite \u0161i\u0105 form\u0105 ir mes su Jumis susisieksime Si\u0173sti","og_url":"https:\/\/kapitonasveza.lt\/ru\/\u0441\u0432\u044f\u0437\u0430\u0442\u044c\u0441\u044f-\u0441\/","og_site_name":"Kapitonas ve\u017ea","article_publisher":"https:\/\/www.facebook.com\/profile.php?id=100085173499468","article_modified_time":"2024-03-19T07:48:05+00:00","og_image":[{"url":"https:\/\/kapitonasveza.lt\/wp-content\/uploads\/2023\/02\/Screenshot_1-1024x680.png","type":"","width":"","height":""}],"twitter_card":"summary_large_image","twitter_misc":{"\u041f\u0440\u0438\u043c\u0435\u0440\u043d\u043e\u0435 \u0432\u0440\u0435\u043c\u044f \u0434\u043b\u044f \u0447\u0442\u0435\u043d\u0438\u044f":"1 \u043c\u0438\u043d\u0443\u0442\u0430"},"schema":{"@context":"https:\/\/schema.org","@graph":[{"@type":"WebPage","@id":"https:\/\/kapitonasveza.lt\/kontaktai\/","url":"https:\/\/kapitonasveza.lt\/kontaktai\/","name":"Kontaktai - Kapitonas ve\u017ea","isPartOf":{"@id":"https:\/\/kapitonasveza.lt\/#website"},"primaryImageOfPage":{"@id":"https:\/\/kapitonasveza.lt\/kontaktai\/#primaryimage"},"image":{"@id":"https:\/\/kapitonasveza.lt\/kontaktai\/#primaryimage"},"thumbnailUrl":"https:\/\/kapitonasveza.lt\/wp-content\/uploads\/2023\/02\/Screenshot_1-1024x680.png","datePublished":"2023-01-26T20:51:59+00:00","dateModified":"2024-03-19T07:48:05+00:00","breadcrumb":{"@id":"https:\/\/kapitonasveza.lt\/kontaktai\/#breadcrumb"},"inLanguage":"ru-RU","potentialAction":[{"@type":"ReadAction","target":["https:\/\/kapitonasveza.lt\/kontaktai\/"]}]},{"@type":"ImageObject","inLanguage":"ru-RU","@id":"https:\/\/kapitonasveza.lt\/kontaktai\/#primaryimage","url":"https:\/\/kapitonasveza.lt\/wp-content\/uploads\/2023\/02\/Screenshot_1-1024x680.png","contentUrl":"https:\/\/kapitonasveza.lt\/wp-content\/uploads\/2023\/02\/Screenshot_1-1024x680.png"},{"@type":"BreadcrumbList","@id":"https:\/\/kapitonasveza.lt\/kontaktai\/#breadcrumb","itemListElement":[{"@type":"ListItem","position":1,"name":"Home","item":"https:\/\/kapitonasveza.lt\/"},{"@type":"ListItem","position":2,"name":"Kontaktai"}]},{"@type":"WebSite","@id":"https:\/\/kapitonasveza.lt\/#website","url":"https:\/\/kapitonasveza.lt\/","name":"Kapitonas ve\u017ea","description":"Taksi paslaugos Klaip\u0117doje ir Klaip\u0117dos rajone","publisher":{"@id":"https:\/\/kapitonasveza.lt\/#\/schema\/person\/1aa63cda89a0d7b8c863497cabcd92fb"},"potentialAction":[{"@type":"SearchAction","target":{"@type":"EntryPoint","urlTemplate":"https:\/\/kapitonasveza.lt\/?s={search_term_string}"},"query-input":{"@type":"PropertyValueSpecification","valueRequired":true,"valueName":"search_term_string"}}],"inLanguage":"ru-RU"},{"@type":["Person","Organization"],"@id":"https:\/\/kapitonasveza.lt\/#\/schema\/person\/1aa63cda89a0d7b8c863497cabcd92fb","name":"jonas","image":{"@type":"ImageObject","inLanguage":"ru-RU","@id":"https:\/\/secure.gravatar.com\/avatar\/be510c7f37b9f142e966eb1dd16caafc846bce3b96e94b53b52222c3f07f74d6?s=96&d=mm&r=g","url":"https:\/\/secure.gravatar.com\/avatar\/be510c7f37b9f142e966eb1dd16caafc846bce3b96e94b53b52222c3f07f74d6?s=96&d=mm&r=g","contentUrl":"https:\/\/secure.gravatar.com\/avatar\/be510c7f37b9f142e966eb1dd16caafc846bce3b96e94b53b52222c3f07f74d6?s=96&d=mm&r=g","caption":"jonas"},"logo":{"@id":"https:\/\/secure.gravatar.com\/avatar\/be510c7f37b9f142e966eb1dd16caafc846bce3b96e94b53b52222c3f07f74d6?s=96&d=mm&r=g"},"sameAs":["https:\/\/kapitonasveza.lt","https:\/\/www.facebook.com\/profile.php?id=100085173499468"]}]}},"_links":{"self":[{"href":"https:\/\/kapitonasveza.lt\/ru\/wp-json\/wp\/v2\/pages\/52","targetHints":{"allow":["GET"]}}],"collection":[{"href":"https:\/\/kapitonasveza.lt\/ru\/wp-json\/wp\/v2\/pages"}],"about":[{"href":"https:\/\/kapitonasveza.lt\/ru\/wp-json\/wp\/v2\/types\/page"}],"author":[{"embeddable":true,"href":"https:\/\/kapitonasveza.lt\/ru\/wp-json\/wp\/v2\/users\/1"}],"replies":[{"embeddable":true,"href":"https:\/\/kapitonasveza.lt\/ru\/wp-json\/wp\/v2\/comments?post=52"}],"version-history":[{"count":52,"href":"https:\/\/kapitonasveza.lt\/ru\/wp-json\/wp\/v2\/pages\/52\/revisions"}],"predecessor-version":[{"id":3997,"href":"https:\/\/kapitonasveza.lt\/ru\/wp-json\/wp\/v2\/pages\/52\/revisions\/3997"}],"wp:attachment":[{"href":"https:\/\/kapitonasveza.lt\/ru\/wp-json\/wp\/v2\/media?parent=52"}],"curies":[{"name":"wp","href":"https:\/\/api.w.org\/{rel}","templated":true}]}}