 {"id":128,"date":"2022-08-05T15:37:53","date_gmt":"2022-08-05T15:37:53","guid":{"rendered":"https:\/\/angfuzsoft.com\/themeforest\/wordpress\/taxseco\/?page_id=128"},"modified":"2026-02-28T20:41:11","modified_gmt":"2026-02-28T18:41:11","slug":"apie-mus","status":"publish","type":"page","link":"https:\/\/kapitonasveza.lt\/en\/about-us\/","title":{"rendered":"About Us"},"content":{"rendered":"<div data-elementor-type=\"wp-page\" data-elementor-id=\"128\" class=\"elementor elementor-128\">\n\t\t\t\t\t\t<section class=\"elementor-section elementor-top-section elementor-element elementor-element-6255519 elementor-section-content-middle elementor-section-boxed elementor-section-height-default elementor-section-height-default\" data-id=\"6255519\" data-element_type=\"section\">\n\t\t\t\t\t\t<div class=\"elementor-container elementor-column-gap-default\">\n\t\t\t\t\t<div class=\"elementor-column elementor-col-50 elementor-top-column elementor-element elementor-element-54a42e5\" data-id=\"54a42e5\" data-element_type=\"column\">\n\t\t\t<div class=\"elementor-widget-wrap elementor-element-populated\">\n\t\t\t\t\t\t<div class=\"elementor-element elementor-element-dd9da23 elementor-widget elementor-widget-image\" data-id=\"dd9da23\" data-element_type=\"widget\" data-widget_type=\"image.default\">\n\t\t\t\t<div class=\"elementor-widget-container\">\n\t\t\t<style>\/*! elementor - v3.20.0 - 26-03-2024 *\/\n.elementor-widget-image{text-align:center}.elementor-widget-image a{display:inline-block}.elementor-widget-image a img[src$=\".svg\"]{width:48px}.elementor-widget-image img{vertical-align:middle;display:inline-block}<\/style>\t\t\t\t\t\t\t\t\t\t<img fetchpriority=\"high\" decoding=\"async\" width=\"751\" height=\"1001\" src=\"https:\/\/kapitonasveza.lt\/wp-content\/uploads\/2024\/01\/kapitonas-veza-klaipedoje-1-768x1024.jpg\" class=\"attachment-large size-large wp-image-3859\" alt=\"\" srcset=\"https:\/\/kapitonasveza.lt\/wp-content\/uploads\/2024\/01\/kapitonas-veza-klaipedoje-1-768x1024.jpg 768w, https:\/\/kapitonasveza.lt\/wp-content\/uploads\/2024\/01\/kapitonas-veza-klaipedoje-1-225x300.jpg 225w, https:\/\/kapitonasveza.lt\/wp-content\/uploads\/2024\/01\/kapitonas-veza-klaipedoje-1-1152x1536.jpg 1152w, https:\/\/kapitonasveza.lt\/wp-content\/uploads\/2024\/01\/kapitonas-veza-klaipedoje-1-1536x2048.jpg 1536w, https:\/\/kapitonasveza.lt\/wp-content\/uploads\/2024\/01\/kapitonas-veza-klaipedoje-1-9x12.jpg 9w, https:\/\/kapitonasveza.lt\/wp-content\/uploads\/2024\/01\/kapitonas-veza-klaipedoje-1-scaled-e1704236728659.jpg 466w\" sizes=\"(max-width: 751px) 100vw, 751px\" \/>\t\t\t\t\t\t\t\t\t\t\t\t\t<\/div>\n\t\t\t\t<\/div>\n\t\t\t\t\t<\/div>\n\t\t<\/div>\n\t\t\t\t<div class=\"elementor-column elementor-col-50 elementor-top-column elementor-element elementor-element-bf2e47f\" data-id=\"bf2e47f\" data-element_type=\"column\">\n\t\t\t<div class=\"elementor-widget-wrap elementor-element-populated\">\n\t\t\t\t\t\t<section class=\"elementor-section elementor-inner-section elementor-element elementor-element-bd9d94a elementor-reverse-tablet elementor-reverse-mobile elementor-section-boxed elementor-section-height-default elementor-section-height-default\" data-id=\"bd9d94a\" data-element_type=\"section\">\n\t\t\t\t\t\t<div class=\"elementor-container elementor-column-gap-no\">\n\t\t\t\t\t<div class=\"elementor-column elementor-col-100 elementor-inner-column elementor-element elementor-element-fda87be\" data-id=\"fda87be\" data-element_type=\"column\">\n\t\t\t<div class=\"elementor-widget-wrap elementor-element-populated\">\n\t\t\t\t\t\t<div class=\"elementor-element elementor-element-e48ac2c elementor-widget elementor-widget-text-editor\" data-id=\"e48ac2c\" data-element_type=\"widget\" data-widget_type=\"text-editor.default\">\n\t\t\t\t<div class=\"elementor-widget-container\">\n\t\t\t<style>\/*! elementor - v3.20.0 - 26-03-2024 *\/\n.elementor-widget-text-editor.elementor-drop-cap-view-stacked .elementor-drop-cap{background-color:#69727d;color:#fff}.elementor-widget-text-editor.elementor-drop-cap-view-framed .elementor-drop-cap{color:#69727d;border:3px solid;background-color:transparent}.elementor-widget-text-editor:not(.elementor-drop-cap-view-default) .elementor-drop-cap{margin-top:8px}.elementor-widget-text-editor:not(.elementor-drop-cap-view-default) .elementor-drop-cap-letter{width:1em;height:1em}.elementor-widget-text-editor .elementor-drop-cap{float:left;text-align:center;line-height:1;font-size:50px}.elementor-widget-text-editor .elementor-drop-cap-letter{display:inline-block}<\/style>\t\t\t\t<p>We all know that feeling when asking a friend for a lift somewhere for the first time just doesn't make sense anymore, doesn't it? That's why we introduce ourselves to you: we are Kapitono taksi in Klaip\u0117da.<\/p><p>We are the leaders in Klaipeda taxi services. You can call us in different areas of the city: the Old Town, Pilies Street, Taikos Prospekt or Melnrage. We are ready to show you Klaip\u0117da at its most spectacular: in the Old Town, we can take you to the sea gates, and we will make sure you don't miss the illuminating Klaip\u0117da Lighthouse or the spectacular sculptures of the Ship Capital. If our clients have had their fill of Klaip\u0117da and want to visit other parts of the city, we recommend joining our chauffeurs for a trip to the museums, the ferry terminal or just a stroll around the newly renovated Akropolis shopping centre. And, of course, how can you not see the famous Meridian Wall or even the UNESCO-protected Old Town? It's between the Danube River and the Baltic Sea!<\/p>\t\t\t\t\t\t<\/div>\n\t\t\t\t<\/div>\n\t\t\t\t\t<\/div>\n\t\t<\/div>\n\t\t\t\t\t<\/div>\n\t\t<\/section>\n\t\t\t\t\t<\/div>\n\t\t<\/div>\n\t\t\t\t\t<\/div>\n\t\t<\/section>\n\t\t\t\t<section class=\"elementor-section elementor-top-section elementor-element elementor-element-6ad7590 elementor-section-boxed elementor-section-height-default elementor-section-height-default\" data-id=\"6ad7590\" data-element_type=\"section\" data-settings=\"{&quot;background_background&quot;:&quot;classic&quot;}\">\n\t\t\t\t\t\t<div class=\"elementor-container elementor-column-gap-default\">\n\t\t\t\t\t<div class=\"elementor-column elementor-col-100 elementor-top-column elementor-element elementor-element-7dbef96\" data-id=\"7dbef96\" data-element_type=\"column\">\n\t\t\t<div class=\"elementor-widget-wrap elementor-element-populated\">\n\t\t\t\t\t\t<div class=\"elementor-element elementor-element-3f6d436 elementor-widget elementor-widget-heading\" data-id=\"3f6d436\" data-element_type=\"widget\" data-widget_type=\"heading.default\">\n\t\t\t\t<div class=\"elementor-widget-container\">\n\t\t\t<style>\/*! elementor - v3.20.0 - 26-03-2024 *\/\n.elementor-heading-title{padding:0;margin:0;line-height:1}.elementor-widget-heading .elementor-heading-title[class*=elementor-size-]>a{color:inherit;font-size:inherit;line-height:inherit}.elementor-widget-heading .elementor-heading-title.elementor-size-small{font-size:15px}.elementor-widget-heading .elementor-heading-title.elementor-size-medium{font-size:19px}.elementor-widget-heading .elementor-heading-title.elementor-size-large{font-size:29px}.elementor-widget-heading .elementor-heading-title.elementor-size-xl{font-size:39px}.elementor-widget-heading .elementor-heading-title.elementor-size-xxl{font-size:59px}<\/style><h2 class=\"elementor-heading-title elementor-size-default\">If you choose Kapitono taksi in Klaip\u0117da, we can guarantee that you won't be disappointed because:<\/h2>\t\t<\/div>\n\t\t\t\t<\/div>\n\t\t\t\t<div class=\"elementor-element elementor-element-f7b042d elementor-widget elementor-widget-taxsecofeature\" data-id=\"f7b042d\" data-element_type=\"widget\" data-widget_type=\"taxsecofeature.default\">\n\t\t\t\t<div class=\"elementor-widget-container\">\n\t\t\t<div class=\"service-feature-wrap\"><div class=\"service-feature\"><div class=\"service-feature_icon\"><img decoding=\"async\" src=\"https:\/\/kapitonasveza.lt\/wp-content\/uploads\/2022\/10\/service_feature_1_2-4.svg\" alt=\"service_feature_1_2 4\"  \/><\/div><div class=\"service-feature_content\"><h4 class=\"service-feature_title\">Open 24 hours a day<\/h4><p class=\"service-feature_text\">We are available at any time of the day or night. After all, that's what taxis in Klaip\u0117da are for - to save time and hurry, right? We'll pick you up when it's convenient for you!<\/p><\/div><\/div><div class=\"service-feature\"><div class=\"service-feature_icon\"><img decoding=\"async\" src=\"https:\/\/kapitonasveza.lt\/wp-content\/uploads\/2022\/10\/service_feature_1_1-4.svg\" alt=\"service_feature_1_1 4\"  \/><\/div><div class=\"service-feature_content\"><h4 class=\"service-feature_title\">Tidy cars<\/h4><p class=\"service-feature_text\">Our cars are well-maintained, so you'll feel comfortable and clean when travelling with us.<\/p><\/div><\/div><div class=\"service-feature\"><div class=\"service-feature_icon\"><img decoding=\"async\" src=\"https:\/\/kapitonasveza.lt\/wp-content\/uploads\/2022\/10\/service_feature_1_3-4.svg\" alt=\"service_feature_1_3 4\"  \/><\/div><div class=\"service-feature_content\"><h4 class=\"service-feature_title\">Professional drivers<\/h4><p class=\"service-feature_text\">We believe that car journeys should be enjoyable and unforgettable, so you won't feel uncomfortable or have to deal with unpleasant interactions when travelling with our drivers.<\/p><\/div><\/div><div class=\"service-feature\"><div class=\"service-feature_icon\"><img decoding=\"async\" src=\"https:\/\/kapitonasveza.lt\/wp-content\/uploads\/2022\/10\/service_feature_1_4-4.svg\" alt=\"service_feature_1_4 4\"  \/><\/div><div class=\"service-feature_content\"><h4 class=\"service-feature_title\">Good price<\/h4><p class=\"service-feature_text\">We are committed to making our services available to everyone who needs them, which is why our Klaip\u0117da taxi fares are friendly to our passengers.<\/p><\/div><\/div><div class=\"service-feature\"><div class=\"service-feature_icon\"><img decoding=\"async\" src=\"https:\/\/kapitonasveza.lt\/wp-content\/uploads\/2022\/10\/service_feature_1_1-4.svg\" alt=\"service_feature_1_1 4\"  \/><\/div><div class=\"service-feature_content\"><h4 class=\"service-feature_title\">Transportation to airports<\/h4><p class=\"service-feature_text\">Did you come to Klaip\u0117da from somewhere far away? No problem, as we take passengers to Vilnius, Kaunas and Palanga airports. We also pick up from these airports.<\/p><\/div><\/div><div class=\"service-feature\"><div class=\"service-feature_icon\"><img decoding=\"async\" src=\"https:\/\/kapitonasveza.lt\/wp-content\/uploads\/2022\/10\/service_feature_1_2-4.svg\" alt=\"service_feature_1_2 4\"  \/><\/div><div class=\"service-feature_content\"><h4 class=\"service-feature_title\">Customer safety<\/h4><p class=\"service-feature_text\">Customer safety is our top priority. That's why all our staff are responsible and experienced drivers whose aim is to ensure safe journeys.<\/p><\/div><\/div><\/div>\t\t<\/div>\n\t\t\t\t<\/div>\n\t\t\t\t\t<\/div>\n\t\t<\/div>\n\t\t\t\t\t<\/div>\n\t\t<\/section>\n\t\t\t\t<section class=\"elementor-section elementor-top-section elementor-element elementor-element-810898f elementor-section-content-middle elementor-section-boxed elementor-section-height-default elementor-section-height-default\" data-id=\"810898f\" data-element_type=\"section\">\n\t\t\t\t\t\t<div class=\"elementor-container elementor-column-gap-default\">\n\t\t\t\t\t<div class=\"elementor-column elementor-col-50 elementor-top-column elementor-element elementor-element-08d8465\" data-id=\"08d8465\" data-element_type=\"column\" data-settings=\"{&quot;background_background&quot;:&quot;classic&quot;}\">\n\t\t\t<div class=\"elementor-widget-wrap elementor-element-populated\">\n\t\t\t\t\t\t<div class=\"elementor-element elementor-element-e6b9621 elementor-widget elementor-widget-spacer\" data-id=\"e6b9621\" data-element_type=\"widget\" data-widget_type=\"spacer.default\">\n\t\t\t\t<div class=\"elementor-widget-container\">\n\t\t\t<style>\/*! elementor - v3.20.0 - 26-03-2024 *\/\n.elementor-column .elementor-spacer-inner{height:var(--spacer-size)}.e-con{--container-widget-width:100%}.e-con-inner>.elementor-widget-spacer,.e-con>.elementor-widget-spacer{width:var(--container-widget-width,var(--spacer-size));--align-self:var(--container-widget-align-self,initial);--flex-shrink:0}.e-con-inner>.elementor-widget-spacer>.elementor-widget-container,.e-con>.elementor-widget-spacer>.elementor-widget-container{height:100%;width:100%}.e-con-inner>.elementor-widget-spacer>.elementor-widget-container>.elementor-spacer,.e-con>.elementor-widget-spacer>.elementor-widget-container>.elementor-spacer{height:100%}.e-con-inner>.elementor-widget-spacer>.elementor-widget-container>.elementor-spacer>.elementor-spacer-inner,.e-con>.elementor-widget-spacer>.elementor-widget-container>.elementor-spacer>.elementor-spacer-inner{height:var(--container-widget-height,var(--spacer-size))}.e-con-inner>.elementor-widget-spacer.elementor-widget-empty,.e-con>.elementor-widget-spacer.elementor-widget-empty{position:relative;min-height:22px;min-width:22px}.e-con-inner>.elementor-widget-spacer.elementor-widget-empty .elementor-widget-empty-icon,.e-con>.elementor-widget-spacer.elementor-widget-empty .elementor-widget-empty-icon{position:absolute;top:0;bottom:0;left:0;right:0;margin:auto;padding:0;width:22px;height:22px}<\/style>\t\t<div class=\"elementor-spacer\">\n\t\t\t<div class=\"elementor-spacer-inner\"><\/div>\n\t\t<\/div>\n\t\t\t\t<\/div>\n\t\t\t\t<\/div>\n\t\t\t\t\t<\/div>\n\t\t<\/div>\n\t\t\t\t<div class=\"elementor-column elementor-col-50 elementor-top-column elementor-element elementor-element-d123962\" data-id=\"d123962\" data-element_type=\"column\">\n\t\t\t<div class=\"elementor-widget-wrap elementor-element-populated\">\n\t\t\t\t\t\t<div class=\"elementor-element elementor-element-43ea89e elementor-widget elementor-widget-heading\" data-id=\"43ea89e\" data-element_type=\"widget\" data-widget_type=\"heading.default\">\n\t\t\t\t<div class=\"elementor-widget-container\">\n\t\t\t<h2 class=\"elementor-heading-title elementor-size-default\">Choose Kapitono Taxi in Klaipeda!<\/h2>\t\t<\/div>\n\t\t\t\t<\/div>\n\t\t\t\t<div class=\"elementor-element elementor-element-eaf48aa elementor-widget elementor-widget-text-editor\" data-id=\"eaf48aa\" data-element_type=\"widget\" data-widget_type=\"text-editor.default\">\n\t\t\t\t<div class=\"elementor-widget-container\">\n\t\t\t\t\t\t\t<p>Are we what you were looking for? Then you are welcome to contact us by email <a href=\"mailto:info@kapitonasveza.lt\">info@kapitonasveza.lt<\/a> or <a href=\"tel:+37061339501\">+370 613 39501<\/a>See you on the road!<\/p>\t\t\t\t\t\t<\/div>\n\t\t\t\t<\/div>\n\t\t\t\t\t<\/div>\n\t\t<\/div>\n\t\t\t\t\t<\/div>\n\t\t<\/section>\n\t\t\t\t<section class=\"elementor-section elementor-top-section elementor-element elementor-element-0db2843 elementor-section-boxed elementor-section-height-default elementor-section-height-default\" data-id=\"0db2843\" data-element_type=\"section\">\n\t\t\t\t\t\t<div class=\"elementor-container elementor-column-gap-default\">\n\t\t\t\t\t<div class=\"elementor-column elementor-col-100 elementor-top-column elementor-element elementor-element-f4f3b77\" data-id=\"f4f3b77\" data-element_type=\"column\">\n\t\t\t<div class=\"elementor-widget-wrap elementor-element-populated\">\n\t\t\t\t\t\t<div class=\"elementor-element elementor-element-9e757e4 elementor-widget elementor-widget-taxsecobutton\" data-id=\"9e757e4\" data-element_type=\"widget\" data-widget_type=\"taxsecobutton.default\">\n\t\t\t\t<div class=\"elementor-widget-container\">\n\t\t\t<!-- Button --><div class=\"btn-wrapper center\"><a class=\"as-btn style3 style-skew\" href=\"tel:+37061339501\"><span class=\"btn-text\">Call a taxi<\/span><\/a><\/div><!-- End Button -->\t\t<\/div>\n\t\t\t\t<\/div>\n\t\t\t\t\t<\/div>\n\t\t<\/div>\n\t\t\t\t\t<\/div>\n\t\t<\/section>\n\t\t\t\t<\/div>","protected":false},"excerpt":{"rendered":"<p>We all know that feeling when asking a friend for a lift somewhere for the first time just doesn't make sense anymore, doesn't it? That's why we introduce ourselves to you: we are Kapitono taksi in Klaip\u0117da. We are the leaders in Klaipeda taxi services. You can call us in different areas of the city: the Old Town, Pilies Street, Taikos Avenue or Melnrage. We are committed to bringing you Klaip\u0117da from the very heart of...<\/p>","protected":false},"author":1,"featured_media":0,"parent":0,"menu_order":0,"comment_status":"closed","ping_status":"closed","template":"template-builder.php","meta":{"footnotes":""},"class_list":["post-128","page","type-page","status-publish","hentry"],"yoast_head":"<!-- This site is optimized with the Yoast SEO plugin v27.3 - https:\/\/yoast.com\/product\/yoast-seo-wordpress\/ -->\n<title>Apie mus - Kapitonas ve\u017ea<\/title>\n<meta name=\"robots\" content=\"index, follow, max-snippet:-1, max-image-preview:large, max-video-preview:-1\" \/>\n<link rel=\"canonical\" href=\"https:\/\/kapitonasveza.lt\/en\/about-us\/\" \/>\n<meta property=\"og:locale\" content=\"en_US\" \/>\n<meta property=\"og:type\" content=\"article\" \/>\n<meta property=\"og:title\" content=\"Apie mus - Kapitonas ve\u017ea\" \/>\n<meta property=\"og:description\" content=\"Visi \u017einome t\u0105 jausm\u0105, kai eilin\u012f kart\u0105 draugo pra\u0161yti kur nors nuve\u017eti jau tampa nebesmagu, ar ne? B\u016btent tod\u0117l mes ir prisistatome Jums: esame \u201eKapitono taksi\u201c Klaip\u0117doje. Mes \u2013 Klaip\u0117dos taksi paslaug\u0173 lyderiai. Mus i\u0161sikviesti galite b\u016bdami \u012fvairiuose miesto rajonuose: senamiestyje, Pilies gatv\u0117je, Taikos prospekte ar Melnrag\u0117je. Esame pasiry\u017e\u0119 Jums pristatyti Klaip\u0117d\u0105 i\u0161 pa\u010di\u0173 jos...\" \/>\n<meta property=\"og:url\" content=\"https:\/\/kapitonasveza.lt\/en\/about-us\/\" \/>\n<meta property=\"og:site_name\" content=\"Kapitonas ve\u017ea\" \/>\n<meta property=\"article:publisher\" content=\"https:\/\/www.facebook.com\/profile.php?id=100085173499468\" \/>\n<meta property=\"article:modified_time\" content=\"2026-02-28T18:41:11+00:00\" \/>\n<meta property=\"og:image\" content=\"https:\/\/kapitonasveza.lt\/wp-content\/uploads\/2024\/01\/kapitonas-veza-klaipedoje-1-scaled-e1704236728659.jpg\" \/>\n\t<meta property=\"og:image:width\" content=\"466\" \/>\n\t<meta property=\"og:image:height\" content=\"621\" \/>\n\t<meta property=\"og:image:type\" content=\"image\/jpeg\" \/>\n<meta name=\"twitter:card\" content=\"summary_large_image\" \/>\n<meta name=\"twitter:label1\" content=\"Est. reading time\" \/>\n\t<meta name=\"twitter:data1\" content=\"3 minutes\" \/>\n<script type=\"application\/ld+json\" class=\"yoast-schema-graph\">{\"@context\":\"https:\\\/\\\/schema.org\",\"@graph\":[{\"@type\":\"WebPage\",\"@id\":\"https:\\\/\\\/kapitonasveza.lt\\\/apie-mus\\\/\",\"url\":\"https:\\\/\\\/kapitonasveza.lt\\\/apie-mus\\\/\",\"name\":\"Apie mus - Kapitonas ve\u017ea\",\"isPartOf\":{\"@id\":\"https:\\\/\\\/kapitonasveza.lt\\\/#website\"},\"primaryImageOfPage\":{\"@id\":\"https:\\\/\\\/kapitonasveza.lt\\\/apie-mus\\\/#primaryimage\"},\"image\":{\"@id\":\"https:\\\/\\\/kapitonasveza.lt\\\/apie-mus\\\/#primaryimage\"},\"thumbnailUrl\":\"https:\\\/\\\/kapitonasveza.lt\\\/wp-content\\\/uploads\\\/2024\\\/01\\\/kapitonas-veza-klaipedoje-1-768x1024.jpg\",\"datePublished\":\"2022-08-05T15:37:53+00:00\",\"dateModified\":\"2026-02-28T18:41:11+00:00\",\"breadcrumb\":{\"@id\":\"https:\\\/\\\/kapitonasveza.lt\\\/apie-mus\\\/#breadcrumb\"},\"inLanguage\":\"en-US\",\"potentialAction\":[{\"@type\":\"ReadAction\",\"target\":[\"https:\\\/\\\/kapitonasveza.lt\\\/apie-mus\\\/\"]}]},{\"@type\":\"ImageObject\",\"inLanguage\":\"en-US\",\"@id\":\"https:\\\/\\\/kapitonasveza.lt\\\/apie-mus\\\/#primaryimage\",\"url\":\"https:\\\/\\\/kapitonasveza.lt\\\/wp-content\\\/uploads\\\/2024\\\/01\\\/kapitonas-veza-klaipedoje-1-768x1024.jpg\",\"contentUrl\":\"https:\\\/\\\/kapitonasveza.lt\\\/wp-content\\\/uploads\\\/2024\\\/01\\\/kapitonas-veza-klaipedoje-1-768x1024.jpg\"},{\"@type\":\"BreadcrumbList\",\"@id\":\"https:\\\/\\\/kapitonasveza.lt\\\/apie-mus\\\/#breadcrumb\",\"itemListElement\":[{\"@type\":\"ListItem\",\"position\":1,\"name\":\"Home\",\"item\":\"https:\\\/\\\/kapitonasveza.lt\\\/\"},{\"@type\":\"ListItem\",\"position\":2,\"name\":\"Apie mus\"}]},{\"@type\":\"WebSite\",\"@id\":\"https:\\\/\\\/kapitonasveza.lt\\\/#website\",\"url\":\"https:\\\/\\\/kapitonasveza.lt\\\/\",\"name\":\"Kapitonas ve\u017ea\",\"description\":\"Taksi paslaugos Klaip\u0117doje ir Klaip\u0117dos rajone\",\"publisher\":{\"@id\":\"https:\\\/\\\/kapitonasveza.lt\\\/#\\\/schema\\\/person\\\/1aa63cda89a0d7b8c863497cabcd92fb\"},\"potentialAction\":[{\"@type\":\"SearchAction\",\"target\":{\"@type\":\"EntryPoint\",\"urlTemplate\":\"https:\\\/\\\/kapitonasveza.lt\\\/?s={search_term_string}\"},\"query-input\":{\"@type\":\"PropertyValueSpecification\",\"valueRequired\":true,\"valueName\":\"search_term_string\"}}],\"inLanguage\":\"en-US\"},{\"@type\":[\"Person\",\"Organization\"],\"@id\":\"https:\\\/\\\/kapitonasveza.lt\\\/#\\\/schema\\\/person\\\/1aa63cda89a0d7b8c863497cabcd92fb\",\"name\":\"jonas\",\"image\":{\"@type\":\"ImageObject\",\"inLanguage\":\"en-US\",\"@id\":\"https:\\\/\\\/secure.gravatar.com\\\/avatar\\\/be510c7f37b9f142e966eb1dd16caafc846bce3b96e94b53b52222c3f07f74d6?s=96&d=mm&r=g\",\"url\":\"https:\\\/\\\/secure.gravatar.com\\\/avatar\\\/be510c7f37b9f142e966eb1dd16caafc846bce3b96e94b53b52222c3f07f74d6?s=96&d=mm&r=g\",\"contentUrl\":\"https:\\\/\\\/secure.gravatar.com\\\/avatar\\\/be510c7f37b9f142e966eb1dd16caafc846bce3b96e94b53b52222c3f07f74d6?s=96&d=mm&r=g\",\"caption\":\"jonas\"},\"logo\":{\"@id\":\"https:\\\/\\\/secure.gravatar.com\\\/avatar\\\/be510c7f37b9f142e966eb1dd16caafc846bce3b96e94b53b52222c3f07f74d6?s=96&d=mm&r=g\"},\"sameAs\":[\"https:\\\/\\\/kapitonasveza.lt\",\"https:\\\/\\\/www.facebook.com\\\/profile.php?id=100085173499468\"]}]}<\/script>\n<!-- \/ Yoast SEO plugin. -->","yoast_head_json":{"title":"Apie mus - Kapitonas ve\u017ea","robots":{"index":"index","follow":"follow","max-snippet":"max-snippet:-1","max-image-preview":"max-image-preview:large","max-video-preview":"max-video-preview:-1"},"canonical":"https:\/\/kapitonasveza.lt\/en\/about-us\/","og_locale":"en_US","og_type":"article","og_title":"Apie mus - Kapitonas ve\u017ea","og_description":"Visi \u017einome t\u0105 jausm\u0105, kai eilin\u012f kart\u0105 draugo pra\u0161yti kur nors nuve\u017eti jau tampa nebesmagu, ar ne? B\u016btent tod\u0117l mes ir prisistatome Jums: esame \u201eKapitono taksi\u201c Klaip\u0117doje. Mes \u2013 Klaip\u0117dos taksi paslaug\u0173 lyderiai. Mus i\u0161sikviesti galite b\u016bdami \u012fvairiuose miesto rajonuose: senamiestyje, Pilies gatv\u0117je, Taikos prospekte ar Melnrag\u0117je. Esame pasiry\u017e\u0119 Jums pristatyti Klaip\u0117d\u0105 i\u0161 pa\u010di\u0173 jos...","og_url":"https:\/\/kapitonasveza.lt\/en\/about-us\/","og_site_name":"Kapitonas ve\u017ea","article_publisher":"https:\/\/www.facebook.com\/profile.php?id=100085173499468","article_modified_time":"2026-02-28T18:41:11+00:00","og_image":[{"width":466,"height":621,"url":"https:\/\/kapitonasveza.lt\/wp-content\/uploads\/2024\/01\/kapitonas-veza-klaipedoje-1-scaled-e1704236728659.jpg","type":"image\/jpeg"}],"twitter_card":"summary_large_image","twitter_misc":{"Est. reading time":"3 minutes"},"schema":{"@context":"https:\/\/schema.org","@graph":[{"@type":"WebPage","@id":"https:\/\/kapitonasveza.lt\/apie-mus\/","url":"https:\/\/kapitonasveza.lt\/apie-mus\/","name":"Apie mus - Kapitonas ve\u017ea","isPartOf":{"@id":"https:\/\/kapitonasveza.lt\/#website"},"primaryImageOfPage":{"@id":"https:\/\/kapitonasveza.lt\/apie-mus\/#primaryimage"},"image":{"@id":"https:\/\/kapitonasveza.lt\/apie-mus\/#primaryimage"},"thumbnailUrl":"https:\/\/kapitonasveza.lt\/wp-content\/uploads\/2024\/01\/kapitonas-veza-klaipedoje-1-768x1024.jpg","datePublished":"2022-08-05T15:37:53+00:00","dateModified":"2026-02-28T18:41:11+00:00","breadcrumb":{"@id":"https:\/\/kapitonasveza.lt\/apie-mus\/#breadcrumb"},"inLanguage":"en-US","potentialAction":[{"@type":"ReadAction","target":["https:\/\/kapitonasveza.lt\/apie-mus\/"]}]},{"@type":"ImageObject","inLanguage":"en-US","@id":"https:\/\/kapitonasveza.lt\/apie-mus\/#primaryimage","url":"https:\/\/kapitonasveza.lt\/wp-content\/uploads\/2024\/01\/kapitonas-veza-klaipedoje-1-768x1024.jpg","contentUrl":"https:\/\/kapitonasveza.lt\/wp-content\/uploads\/2024\/01\/kapitonas-veza-klaipedoje-1-768x1024.jpg"},{"@type":"BreadcrumbList","@id":"https:\/\/kapitonasveza.lt\/apie-mus\/#breadcrumb","itemListElement":[{"@type":"ListItem","position":1,"name":"Home","item":"https:\/\/kapitonasveza.lt\/"},{"@type":"ListItem","position":2,"name":"Apie mus"}]},{"@type":"WebSite","@id":"https:\/\/kapitonasveza.lt\/#website","url":"https:\/\/kapitonasveza.lt\/","name":"Kapitonas ve\u017ea","description":"Taksi paslaugos Klaip\u0117doje ir Klaip\u0117dos rajone","publisher":{"@id":"https:\/\/kapitonasveza.lt\/#\/schema\/person\/1aa63cda89a0d7b8c863497cabcd92fb"},"potentialAction":[{"@type":"SearchAction","target":{"@type":"EntryPoint","urlTemplate":"https:\/\/kapitonasveza.lt\/?s={search_term_string}"},"query-input":{"@type":"PropertyValueSpecification","valueRequired":true,"valueName":"search_term_string"}}],"inLanguage":"en-US"},{"@type":["Person","Organization"],"@id":"https:\/\/kapitonasveza.lt\/#\/schema\/person\/1aa63cda89a0d7b8c863497cabcd92fb","name":"jonas","image":{"@type":"ImageObject","inLanguage":"en-US","@id":"https:\/\/secure.gravatar.com\/avatar\/be510c7f37b9f142e966eb1dd16caafc846bce3b96e94b53b52222c3f07f74d6?s=96&d=mm&r=g","url":"https:\/\/secure.gravatar.com\/avatar\/be510c7f37b9f142e966eb1dd16caafc846bce3b96e94b53b52222c3f07f74d6?s=96&d=mm&r=g","contentUrl":"https:\/\/secure.gravatar.com\/avatar\/be510c7f37b9f142e966eb1dd16caafc846bce3b96e94b53b52222c3f07f74d6?s=96&d=mm&r=g","caption":"jonas"},"logo":{"@id":"https:\/\/secure.gravatar.com\/avatar\/be510c7f37b9f142e966eb1dd16caafc846bce3b96e94b53b52222c3f07f74d6?s=96&d=mm&r=g"},"sameAs":["https:\/\/kapitonasveza.lt","https:\/\/www.facebook.com\/profile.php?id=100085173499468"]}]}},"_links":{"self":[{"href":"https:\/\/kapitonasveza.lt\/en\/wp-json\/wp\/v2\/pages\/128","targetHints":{"allow":["GET"]}}],"collection":[{"href":"https:\/\/kapitonasveza.lt\/en\/wp-json\/wp\/v2\/pages"}],"about":[{"href":"https:\/\/kapitonasveza.lt\/en\/wp-json\/wp\/v2\/types\/page"}],"author":[{"embeddable":true,"href":"https:\/\/kapitonasveza.lt\/en\/wp-json\/wp\/v2\/users\/1"}],"replies":[{"embeddable":true,"href":"https:\/\/kapitonasveza.lt\/en\/wp-json\/wp\/v2\/comments?post=128"}],"version-history":[{"count":128,"href":"https:\/\/kapitonasveza.lt\/en\/wp-json\/wp\/v2\/pages\/128\/revisions"}],"predecessor-version":[{"id":4007,"href":"https:\/\/kapitonasveza.lt\/en\/wp-json\/wp\/v2\/pages\/128\/revisions\/4007"}],"wp:attachment":[{"href":"https:\/\/kapitonasveza.lt\/en\/wp-json\/wp\/v2\/media?parent=128"}],"curies":[{"name":"wp","href":"https:\/\/api.w.org\/{rel}","templated":true}]}}